{"id":1384,"date":"2026-02-26T21:38:09","date_gmt":"2026-02-26T21:38:09","guid":{"rendered":"https:\/\/przystanseniora.pl\/?page_id=1384"},"modified":"2026-04-16T09:10:43","modified_gmt":"2026-04-16T09:10:43","slug":"deklaracja-dostepnosci","status":"publish","type":"page","link":"https:\/\/przystanseniora.pl\/?page_id=1384","title":{"rendered":"Deklaracja dost\u0119pno\u015bci"},"content":{"rendered":"<h2>Deklaracja dost\u0119pno\u015bci<\/h2>\n<div>\n<section id=\"a11y-wstep\"><span id=\"a11y-podmiot\">Dom Pomocy Spo\u0142ecznej \u201ePrzysta\u0144 Seniora\u201d w Borzygniewie<\/span> zobowi\u0105zuje si\u0119 zapewni\u0107 dost\u0119pno\u015b\u0107 swojej <span id=\"a11y-zakres\">strony internetowej<\/span> zgodnie z przepisami ustawy z dnia 4 kwietnia 2019 r. o dost\u0119pno\u015bci cyfrowej stron internetowych i aplikacji mobilnych podmiot\u00f3w publicznych.Deklaracja dost\u0119pno\u015bci dotyczy strony internetowej <a id=\"a11y-url\" href=\"http:\/\/przystanseniora.pl\/\">http:\/\/przystanseniora.pl\/<br \/>\n<\/a>.Data publikacji strony internetowej: <time id=\"a11y-data-publikacja\" datetime=\"2018-04-01\">1 kwietnia 2018<\/time>r. Data ostatniej istotnej aktualizacji: <time id=\"a11y-data-aktualizacja\" datetime=\"2022-07-04\">4 lipca 2022 <\/time>r.<\/section>\n<section>\n<h3>Stan dost\u0119pno\u015bci cyfrowej<\/h3>\n<p id=\"a11y-status\"><strong>Strona internetowa jest cz\u0119\u015bciowo zgodna <\/strong>z ustaw\u0105 z dnia 4 kwietnia 2019 r. o dost\u0119pno\u015bci cyfrowej stron internetowych i aplikacji mobilnych podmiot\u00f3w publicznych z powodu niezgodno\u015bci i wy\u0142\u0105cze\u0144 wymienionych poni\u017cej.<\/p>\n<\/section>\n<section>\n<h3>Niedost\u0119pne tre\u015bci<\/h3>\n<h4>Niezgodno\u015b\u0107 z za\u0142\u0105cznikiem<\/h4>\n<p><strong>Wyst\u0119puj\u0105 b\u0142\u0119dy kontrastu. <\/strong> G\u0142\u00f3wnie dotyczy to menu: Strona g\u0142\u00f3wna\/ Kontakt- wynika to z budowy strony. Poprawa dost\u0119pno\u015bci tych element\u00f3w b\u0119dzie dokonana przy przebudowie strony lub kolejnej jej aktualizacji.<\/p>\n<p><strong>Niekt\u00f3re grafiki nie posiadaj\u0105 opis\u00f3w alternatywnych. <\/strong> Wyst\u0119puj\u0105 one na stronie g\u0142\u00f3wnej opisy grafik. Poprawna dost\u0119pno\u015b\u0107 tych element\u00f3w jest realizowana na bie\u017c\u0105co. W celu zapewnienia dost\u0119pu alternatywnego tych grafik mo\u017cesz skontaktowa\u0107 si\u0119 z nami, pisz\u0105c na adres e-mail lub dzwoni\u0105c do nas.<\/p>\n<section>\n<h3>Przygotowanie deklaracji dost\u0119pno\u015bci i jej aktualizacja<\/h3>\n<ul>\n<li>Data sporz\u0105dzenia deklaracji: <time id=\"a11y-data-sporzadzenie\" datetime=\"2022-07-06\">6 lipca 2022 r.<\/time><\/li>\n<li>Data ostatniego przegl\u0105du deklaracji: <time id=\"a11y-data-przeglad\" datetime=\"2026-03-27\">27 marca 2026 r.<\/time><\/li>\n<\/ul>\n<p>Deklaracj\u0119 sporz\u0105dzili\u015bmy na podstawie samooceny w oparciu o <a href=\"https:\/\/www.gov.pl\/attachment\/1a3e2bb5-6d60-4897-ac2f-07a8e91e70ed\">List\u0119 kontroln\u0105 do badania dost\u0119pno\u015bci cyfrowej strony internetowej v. 2.2<\/a> (docx, 0,12MB) oraz program WAVE.<\/p>\n<\/section>\n<section>\n<h3>Informacje zwrotne i dane kontaktowe<\/h3>\n<p>Wszystkie problemy z dost\u0119pno\u015bci\u0105 cyfrow\u0105 strony internetowej mo\u017cesz zg\u0142osi\u0107 do <span id=\"a11y-kontakt\">Doroty Szyma\u0144skiej<\/span> \u2014 e-mail <a id=\"a11y-email\" href=\"mailto:koordynator@dostepnosci.pl\">koordynator@dostepnosci.pl<\/a> lub telefonicznie <a id=\"a11y-telefon\" href=\"tel:+48795939808\">+48 795 939 808<\/a>.<\/p>\n<p>Ka\u017cdy ma prawo wyst\u0105pi\u0107 z \u017c\u0105daniem zapewnienia dost\u0119pno\u015bci cyfrowej tej strony internetowej lub jej element\u00f3w.<\/p>\n<p>Zg\u0142aszaj\u0105c takie \u017c\u0105danie podaj:<\/p>\n<ul>\n<li>swoje imi\u0119 i nazwisko,<\/li>\n<li>swoje dane kontaktowe (np. numer telefonu, e-mail),<\/li>\n<li>dok\u0142adny adres strony internetowej, na kt\u00f3rej jest niedost\u0119pny cyfrowo element lub tre\u015b\u0107,<\/li>\n<li>opis na czym polega problem i jaki spos\u00f3b jego rozwi\u0105zania by\u0142by dla Ciebie najwygodniejszy.<\/li>\n<\/ul>\n<p>Na Twoje zg\u0142oszenie odpowiemy najszybciej jak to mo\u017cliwe, nie p\u00f3\u017aniej ni\u017c w ci\u0105gu 7 dni od jego otrzymania.<\/p>\n<p>Je\u017celi ten termin b\u0119dzie dla nas zbyt kr\u00f3tki poinformujemy Ci\u0119 o tym. W tej informacji podamy nowy termin, do kt\u00f3rego poprawimy zg\u0142oszone przez Ciebie b\u0142\u0119dy lub przygotujemy informacje w alternatywny spos\u00f3b. Ten nowy termin nie b\u0119dzie d\u0142u\u017cszy ni\u017c 2 miesi\u0105ce.<\/p>\n<p>Je\u017celi nie b\u0119dziemy w stanie zapewni\u0107 dost\u0119pno\u015bci cyfrowej strony internetowej lub tre\u015bci wskazanej w Twoim \u017c\u0105daniu, zaproponujemy Ci dost\u0119p do nich w alternatywny spos\u00f3b.<\/p>\n<\/section>\n<section id=\"a11y-procedura\">\n<h3>Obs\u0142uga wniosk\u00f3w i skarg zwi\u0105zanych z dost\u0119pno\u015bci\u0105<\/h3>\n<p>W celu u\u0142atwienia z\u0142o\u017cenia \u017c\u0105dania zapewnienia dost\u0119pno\u015bci udost\u0119pniamy <strong>Wniosek o zapewnienie dost\u0119pno\u015bci<\/strong>, na podstawie kt\u00f3rego mo\u017cesz zg\u0142osi\u0107 potrzeb\u0119 zapewnienia dost\u0119pno\u015bci cyfrowej, architektonicznej lub informacyjno-komunikacyjnej. Dokument ten znajduje si\u0119 pod deklaracj\u0105 dost\u0119pno\u015bci. Wniosek nale\u017cy wys\u0142a\u0107 na adres mail: <span id=\"a11y-email\"><a href=\"mailto:koordynator@dostepnosci.pl\">koordynator@dostepnosci.pl<\/a>.<\/span><\/p>\n<p>Istnieje r\u00f3wnie\u017c mo\u017cliwo\u015b\u0107 poinformowania nas o braku zapewnienia dost\u0119pno\u015bci cyfrowej, architektonicznej lub informacyjno-komunikacyjnej. Mo\u017cesz w tej sprawie z\u0142o\u017cy\u0107 <strong>Informacj\u0119 o braku dost\u0119pno\u015bci<\/strong>. Dokument ten znajduje si\u0119 pod deklaracj\u0105 dost\u0119pno\u015bci. Informacj\u0119 nale\u017cy wys\u0142a\u0107 na adres mail: <span id=\"a11y-email\"><a href=\"mailto:koordynator@dostepnosci.pl\">koordynator@dostepnosci.pl<\/a>.<\/span><\/p>\n<p>Je\u017celi w odpowiedzi na Tw\u00f3j wniosek o zapewnienie dost\u0119pno\u015bci cyfrowej lub architektonicznej czy informacyjno-komunikacyjnej, odm\u00f3wimy zapewnienia \u017c\u0105danej przez Ciebie dost\u0119pno\u015bci, a Ty nie zgadzasz si\u0119 z t\u0105 odmow\u0105, masz prawo z\u0142o\u017cy\u0107 skarg\u0119.<\/p>\n<p>Skarg\u0119 masz prawo z\u0142o\u017cy\u0107 tak\u017ce, je\u015bli nie zgadzasz si\u0119 na skorzystanie z alternatywnego sposobu dost\u0119pu, kt\u00f3ry zaproponowali\u015bmy Ci w odpowiedzi na Tw\u00f3j wniosek o zapewnienie dost\u0119pno\u015bci.<\/p>\n<p>Ewentualn\u0105 skarg\u0119 z\u0142\u00f3\u017c listownie lub mailem do kierownictwa podmiotu:<\/p>\n<ul>\n<li>Kierownik Domu Pomocy Spo\u0142ecznej \u201ePrzysta\u0144 Seniora\u201d ,<\/li>\n<li>Adres: ul. Sportowa 2, 55-081 Borzygniew,<\/li>\n<li>mail: <a href=\"mailto:biuro@przystanseniora.pl\">biuro@przystanseniora.pl<\/a>.<\/li>\n<\/ul>\n<p><a href=\"https:\/\/www.gov.pl\/web\/gov\/zloz-wniosek-o-zapewnienie-dostepnosci-cyfrowej-strony-internetowej-lub-aplikacji-mobilnej\">Pomocne mog\u0105 by\u0107 informacje, kt\u00f3re mo\u017cna znale\u017a\u0107 na rz\u0105dowym portalu gov.pl<\/a>.<\/p>\n<p>Mo\u017cesz tak\u017ce poinformowa\u0107 o tej sytuacji <a href=\"https:\/\/bip.brpo.gov.pl\/\"> Rzecznika Praw Obywatelskich<\/a> i poprosi\u0107 o interwencj\u0119 w Twojej sprawie.<\/p>\n<\/section>\n<section>\n<h3>Pozosta\u0142e informacje<\/h3>\n<\/section>\n<section id=\"a11y-architektura\">\n<h4>Dost\u0119pno\u015b\u0107 architektoniczna<\/h4>\n<p><strong>Adres siedziby \u2013 Dom Pomocy Spo\u0142ecznej \u201ePrzysta\u0144 Seniora\u201d, w Borzygniewie, ul. Sportowa 2, 55-081 Borzygniew.<\/strong><\/p>\n<p>Parking: przed budynkiem znajduje si\u0119 parking og\u00f3lnodost\u0119pny z wyznaczonym 1 miejscem postojowym dla os\u00f3b niepe\u0142nosprawnych. Miejsce to zosta\u0142o oznaczone znakiem pionowym.<\/p>\n<p>Wej\u015bcie do budynku: budynek Domu Pomocy Spo\u0142ecznej jest pi\u0119trowy. Wej\u015bcie g\u0142\u00f3wne zosta\u0142o wyposa\u017cone w podjazd dla os\u00f3b poruszaj\u0105cych si\u0119 na w\u00f3zkach inwalidzkich.<\/p>\n<p>Sekretariat: znajduje si\u0119 na pierwszym pi\u0119trze budynku.<\/p>\n<p>Dost\u0119pno\u015b\u0107 komunikacyjna budynku: w budynku znajduje si\u0119 winda. Poszczeg\u00f3lne kondygnacje po\u0142\u0105czone s\u0105 schodami. Ci\u0105gi komunikacyjne zapewniaj\u0105 dost\u0119pno\u015bci dla os\u00f3b ze szczeg\u00f3lnymi potrzebami.<\/p>\n<p>Toaleta dla os\u00f3b z niepe\u0142nosprawno\u015bciami: w budynku znajduj\u0105 si\u0119 toalety dostosowane do potrzeb os\u00f3b z niepe\u0142nosprawno\u015bciami.<\/p>\n<p>Dodatkowo jednostka posiada auto typu bus, kt\u00f3re jest dostosowane do przewozu os\u00f3b niepe\u0142nosprawnych. W budynku znajduje si\u0119 schodo\u0142az.<\/p>\n<p>Do budynku i wszystkich jego pomieszcze\u0144 mo\u017cna wej\u015b\u0107 z psem asystuj\u0105cym i psem przewodnikiem.<\/p>\n<p>W przypadku problem\u00f3w z dost\u0119pno\u015bci\u0105 architektoniczn\u0105 mo\u017cesz skontaktowa\u0107 si\u0119 z koordynatorem ds. dost\u0119pno\u015bci pod adresem mail: <span id=\"a11y-email\"><a href=\"mailto:koordynator@dostepnosci.pl\">koordynator@dostepnosci.pl<\/a>.<\/span><\/p>\n<\/section>\n<section id=\"a11y-komunikacja\">\n<h4>Dost\u0119pno\u015b\u0107 komunikacyjno-informacyjna<\/h4>\n<p>Podmiot nie posiada informacji w j\u0119zyku Braille\u2019a.<\/p>\n<p>W budynku nie ma p\u0119tli indukcyjnych.<\/p>\n<p>W podmiocie nie mo\u017cna skorzysta\u0107 z us\u0142ugi t\u0142umacza j\u0119zyka migowego.<\/p>\n<\/section>\n<section id=\"a11y-aplikacje\">\n<h4>Aplikacje mobilne<\/h4>\n<p>Podmiot nie posiada aplikacji mobilnych.<\/p>\n<p><strong>ZA\u0141\u0104CZNIKI DO DEKLARACJI DOST\u0118PNO\u015aCI:<\/strong><\/p>\n<ol class=\"wp-block-list\">\n<li><a href=\"https:\/\/przystanseniora.pl\/wp-content\/uploads\/2026\/04\/Wniosek-o-zapewnienie-dostepnosci-WORD-29KB.docx\">Wniosek o zapewnienie dost\u0119pno\u015bci (PDF)\u00a0(WORD)<\/a><\/li>\n<li><a href=\"https:\/\/przystanseniora.pl\/wp-content\/uploads\/2026\/04\/Informacja-o-braku-dostepnosci-WORD-29KB.docx\">Informacj\u0119 o braku dost\u0119pno\u015bci (PDF)<\/a><\/li>\n<li><a href=\"https:\/\/przystanseniora.pl\/wp-content\/uploads\/2026\/04\/INFORMACJA-O-PRZETWARZANIU-DANYCH-OSOBOWYCH-PDF-105KB.pdf\">Informacje o przetwarzaniu danych osobowych (PDF)<br \/>\n<\/a><\/li>\n<li><a href=\"https:\/\/przystanseniora.pl\/wp-content\/uploads\/2026\/04\/PLAN-ZAPEWNIENIA-DOSTEPNOSCI-W-DOMU-POMOCY-SPOLECZNEJ-PRZYSTAN-SENIORA-W-BORZYGNIEWIE-NA-LATA-2023-2025-PDF-168KB.pdf\">Plan zapewnienia dost\u0119pno\u015bci w Domu Pomocy Spo\u0142ecznej &#8220;przysta\u0144 Seniora&#8221; w Borzygniewie (PDF)<\/a><\/li>\n<li><a href=\"https:\/\/przystanseniora.pl\/wp-content\/uploads\/2026\/04\/ETR_-DOM-POMOCY-SPOLECZNEJ-PRZYSTAN-SENIORA-W-BORZYGNIEWIE-WORD-22MB.docx\">ETR_ DOM POMOCY SPO\u0141ECZNEJ PRZYSTA\u0143 SENIORA W BORZYGNIEWIE (WORD, 2,2MB)<\/a><\/li>\n<\/ol>\n<p>&nbsp;<\/p>\n<p><strong>KOORDYNATOR DOST\u0118PNO\u015aCI:<\/strong><\/p>\n<p><strong>Dorota Szyma\u0144ska<\/strong><\/p>\n<p>Tel. 795-939-808<\/p>\n<p>e-mail: <a class=\"moz-txt-link-abbreviated\" href=\"mailto:koordyantor@dostepnosci.pl\">koordyantor@dostepnosci.pl<\/a><\/p>\n<\/section>\n<\/section>\n<\/div>\n","protected":false},"excerpt":{"rendered":"<p>Deklaracja dost\u0119pno\u015bci Dom Pomocy Spo\u0142ecznej \u201ePrzysta\u0144 Seniora\u201d w Borzygniewie zobowi\u0105zuje si\u0119 zapewni\u0107 dost\u0119pno\u015b\u0107 swojej strony internetowej zgodnie z przepisami ustawy z dnia 4 kwietnia 2019 r. o dost\u0119pno\u015bci cyfrowej stron internetowych i aplikacji mobilnych podmiot\u00f3w publicznych.Deklaracja dost\u0119pno\u015bci dotyczy strony internetowej&hellip;<\/p>\n","protected":false},"author":1,"featured_media":0,"parent":0,"menu_order":0,"comment_status":"closed","ping_status":"closed","template":"","meta":{"footnotes":""},"class_list":["post-1384","page","type-page","status-publish","hentry"],"_links":{"self":[{"href":"https:\/\/przystanseniora.pl\/index.php?rest_route=\/wp\/v2\/pages\/1384","targetHints":{"allow":["GET"]}}],"collection":[{"href":"https:\/\/przystanseniora.pl\/index.php?rest_route=\/wp\/v2\/pages"}],"about":[{"href":"https:\/\/przystanseniora.pl\/index.php?rest_route=\/wp\/v2\/types\/page"}],"author":[{"embeddable":true,"href":"https:\/\/przystanseniora.pl\/index.php?rest_route=\/wp\/v2\/users\/1"}],"replies":[{"embeddable":true,"href":"https:\/\/przystanseniora.pl\/index.php?rest_route=%2Fwp%2Fv2%2Fcomments&post=1384"}],"version-history":[{"count":16,"href":"https:\/\/przystanseniora.pl\/index.php?rest_route=\/wp\/v2\/pages\/1384\/revisions"}],"predecessor-version":[{"id":1460,"href":"https:\/\/przystanseniora.pl\/index.php?rest_route=\/wp\/v2\/pages\/1384\/revisions\/1460"}],"wp:attachment":[{"href":"https:\/\/przystanseniora.pl\/index.php?rest_route=%2Fwp%2Fv2%2Fmedia&parent=1384"}],"curies":[{"name":"wp","href":"https:\/\/api.w.org\/{rel}","templated":true}]}}